{"id":4321,"date":"2022-12-12T15:54:53","date_gmt":"2022-12-12T14:54:53","guid":{"rendered":"https:\/\/plusevcharge.it\/cookie-policy\/"},"modified":"2023-03-24T09:57:43","modified_gmt":"2023-03-24T08:57:43","slug":"cookie-policy","status":"publish","type":"page","link":"https:\/\/plusevcharge.it\/de\/cookie-policy\/","title":{"rendered":"Cookie Policy"},"content":{"rendered":"<div class=\"cli_pg_page_contaner\">\n<h3>INFORMATIONEN ZUR COOKIE-RICHTLINIE<\/h3>\n<p>Diese Cookie-Richtlinie erkl\u00e4rt, was Cookies sind und wie wir sie verwenden. Sie sollten diese Richtlinie lesen, um zu verstehen, was Cookies sind, wie wir sie verwenden, welche Arten von Cookies wir verwenden, d. h. die Informationen, die wir mithilfe von Cookies sammeln und wie diese Informationen verwendet werden, und wie Sie Ihre Cookie-Einstellungen steuern k\u00f6nnen. Weitere Informationen dar\u00fcber, wie wir Ihre personenbezogenen Daten verwenden, speichern und sch\u00fctzen, finden Sie in unserer Datenschutzrichtlinie.<\/p>\n<p>Sie k\u00f6nnen Ihre Zustimmung zur Cookie-Erkl\u00e4rung auf unserer Website jederzeit \u00e4ndern oder widerrufen.<br \/>\nErfahren Sie in unserer Datenschutzerkl\u00e4rung mehr dar\u00fcber, wer wir sind, wie Sie uns kontaktieren k\u00f6nnen und wie wir personenbezogene Daten verarbeiten.<br \/>\nIhre Zustimmung gilt f\u00fcr die folgenden Domains: elektrische S\u00e4ulen.com<br \/>\n<div class=\"wt-cli-element cli_user_consent_state\"><\/div><\/p>\n<p>&nbsp;<\/p>\n<h3>WAS SIND COOKIES?<\/h3>\n<p>Cookies sind kleine Textdateien, die verwendet werden, um kleine Informationen zu speichern. Cookies werden auf Ihrem Ger\u00e4t gespeichert, wenn die Website in Ihrem Browser geladen wird. Diese Cookies helfen uns, die Website ordnungsgem\u00e4\u00df funktionieren zu lassen, sie sicherer zu machen, eine bessere Benutzererfahrung zu bieten und zu verstehen, wie die Website funktioniert, und zu analysieren, was funktioniert und wo sie verbessert werden muss.<\/p>\n<h3>\nWIE VERWENDEN WIR COOKIES?<\/h3>\n<p>Wie die meisten Online-Dienste verwendet unsere Website Erstanbieter-Cookies und Drittanbieter-Cookies f\u00fcr eine Vielzahl von Zwecken. Erstanbieter-Cookies sind meistens notwendig, damit die Website ordnungsgem\u00e4\u00df funktioniert, und erfassen keine Ihrer personenbezogenen Daten.<\/p>\n<p>Die auf unseren Websites verwendeten Cookies von Drittanbietern werden haupts\u00e4chlich verwendet, um zu verstehen, wie die Website funktioniert, wie Sie mit unserer Website interagieren, unsere Dienste sicher zu halten, f\u00fcr Sie relevante Werbung zu liefern und Ihnen insgesamt eine bessere und verbesserte Website zu bieten Benutzererfahrung und hilft, Ihre zuk\u00fcnftigen Interaktionen mit unserer Website zu beschleunigen.<\/p>\n<p>&nbsp;<\/p>\n<h3>WELCHE ARTEN VON COOKIES VERWENDEN WIR?<\/h3>\n<p>Die auf unserer Website verwendeten Cookies sind in die folgenden Kategorien eingeteilt.<br \/>\n<div class=\"wt-cli-element cli_cookie_category_single\"><div class=\"cli_cookie_category_single\"><h5 class=\"cli_cookie_category_single_hd\">Notwendig<\/h5><div class=\"cli_cookie_category_single_description\"><p>Notwendige Cookies sind absolut notwendig, damit die Website ordnungsgem\u00e4\u00df funktioniert. Diese Cookies gew\u00e4hrleisten anonym die grundlegenden Funktionen und Sicherheitsmerkmale der Website.\n<table class=\"wt-cli-element cookielawinfo-row-cat-table cookielawinfo-winter\"><thead><tr><th scope=\"col\" class=\"cookielawinfo-column-1\">Cookie<\/th><th scope=\"col\" class=\"cookielawinfo-column-3\">Dauer<\/th><th scope=\"col\" class=\"cookielawinfo-column-4\">Beschreibung<\/th><\/tr><\/thead><tbody><tr class=\"cookielawinfo-row\"><td class=\"cookielawinfo-column-1\">_GRECAPTCHA<\/td><td class=\"cookielawinfo-column-3\"><\/td><td class=\"cookielawinfo-column-4\">Dieses Cookie wird vom Recaptcha-Dienst von Google gesetzt, um Bots zu identifizieren und die Website vor b\u00f6swilligen Spam-Angriffen zu sch\u00fctzen.<\/td><\/tr><tr class=\"cookielawinfo-row\"><td class=\"cookielawinfo-column-1\">cookielawinfo-checkbox-advertisement<\/td><td class=\"cookielawinfo-column-3\"><\/td><td class=\"cookielawinfo-column-4\">Dieses Cookie wird vom GDPR Cookie Consent Plugin gesetzt und wird verwendet, um die Zustimmung des Benutzers f\u00fcr Cookies in der Kategorie \"Marketing\" aufzuzeichnen.<\/td><\/tr><tr class=\"cookielawinfo-row\"><td class=\"cookielawinfo-column-1\">cookielawinfo-checkbox-analytics<\/td><td class=\"cookielawinfo-column-3\"><\/td><td class=\"cookielawinfo-column-4\">Dieses vom DSGVO-Cookie-Zustimmungs-Plugin gesetzte Cookie wird verwendet, um die Zustimmung des Benutzers f\u00fcr Cookies in der Kategorie \u201eStatistik\u201c aufzuzeichnen.<\/td><\/tr><tr class=\"cookielawinfo-row\"><td class=\"cookielawinfo-column-1\">cookielawinfo-checkbox-functional<\/td><td class=\"cookielawinfo-column-3\"><\/td><td class=\"cookielawinfo-column-4\">Das Cookie wird vom GDPR Cookie Consent Plugin gesetzt, um die Zustimmung des Benutzers f\u00fcr Cookies in der Kategorie \"Funktional\" aufzuzeichnen.<\/td><\/tr><tr class=\"cookielawinfo-row\"><td class=\"cookielawinfo-column-1\">cookielawinfo-checkbox-necessary<\/td><td class=\"cookielawinfo-column-3\"><\/td><td class=\"cookielawinfo-column-4\">Dieses Cookie wird vom GDPR Cookie Consent Plugin gesetzt und wird verwendet, um die Zustimmung des Benutzers zu Cookies in der Kategorie \"Erforderlich\" aufzuzeichnen.<\/td><\/tr><tr class=\"cookielawinfo-row\"><td class=\"cookielawinfo-column-1\">cookielawinfo-checkbox-others<\/td><td class=\"cookielawinfo-column-3\"><\/td><td class=\"cookielawinfo-column-4\">Dieses Cookie, das vom GDPR Cookie Consent-Plugin gesetzt wird, wird verwendet, um die Zustimmung des Benutzers f\u00fcr Cookies in der Kategorie \"Nicht klassifiziert\" zu speichern.<\/td><\/tr><tr class=\"cookielawinfo-row\"><td class=\"cookielawinfo-column-1\">cookielawinfo-checkbox-performance<\/td><td class=\"cookielawinfo-column-3\"><\/td><td class=\"cookielawinfo-column-4\">Dieses Cookie, das vom GDPR Cookie Consent Plugin gesetzt wird, wird verwendet, um die Zustimmung des Benutzers f\u00fcr Cookies in der Kategorie \"Leistung\" zu speichern.<\/td><\/tr><tr class=\"cookielawinfo-row\"><td class=\"cookielawinfo-column-1\">viewed_cookie_policy<\/td><td class=\"cookielawinfo-column-3\"><\/td><td class=\"cookielawinfo-column-4\">Das Cookie wird vom GDPR Cookie Consent Plugin gesetzt, um zu speichern, ob der Benutzer der Verwendung von Cookies zugestimmt hat oder nicht. Es speichert keine personenbezogenen Daten.<\/td><\/tr><\/tbody><\/table>\n<\/p><\/div><\/div><div class=\"cli_cookie_category_single\"><h5 class=\"cli_cookie_category_single_hd\">Funktionell<\/h5><div class=\"cli_cookie_category_single_description\"><p>Funktionale Cookies helfen dabei, bestimmte Funktionen auszuf\u00fchren, wie z. B. das Teilen von Website-Inhalten auf Social-Media-Plattformen, das Sammeln von Feedback und andere Funktionen von Drittanbietern.\n\n<\/p><\/div><\/div><div class=\"cli_cookie_category_single\"><h5 class=\"cli_cookie_category_single_hd\">Leistung<\/h5><div class=\"cli_cookie_category_single_description\"><p>Leistungs-Cookies werden verwendet, um wichtige Kennzahlen der Website-Leistung zu verstehen und zu analysieren, die dazu beitragen, den Besuchern ein besseres Benutzererlebnis zu bieten.\n<\/p><\/div><\/div><div class=\"cli_cookie_category_single\"><h5 class=\"cli_cookie_category_single_hd\">Statistiken<\/h5><div class=\"cli_cookie_category_single_description\"><p>Analytische Cookies werden verwendet, um zu verstehen, wie Besucher mit der Website interagieren. Diese Cookies helfen dabei, Informationen zu Metriken wie Anzahl der Besucher, Absprungrate, Verkehrsquelle usw. bereitzustellen.\n<table class=\"wt-cli-element cookielawinfo-row-cat-table cookielawinfo-winter\"><thead><tr><th scope=\"col\" class=\"cookielawinfo-column-1\">Cookie<\/th><th scope=\"col\" class=\"cookielawinfo-column-3\">Dauer<\/th><th scope=\"col\" class=\"cookielawinfo-column-4\">Beschreibung<\/th><\/tr><\/thead><tbody><tr class=\"cookielawinfo-row\"><td class=\"cookielawinfo-column-1\">_ga<\/td><td class=\"cookielawinfo-column-3\"><\/td><td class=\"cookielawinfo-column-4\">Das von Google Analytics installierte _ga-Cookie berechnet Besucher-, Sitzungs- und Kampagnendaten und verfolgt auch die Websitenutzung f\u00fcr den Analysebericht der Website. Das Cookie speichert Informationen anonym und weist eine zuf\u00e4llig generierte Nummer zu, um eindeutige Besucher zu erkennen.<\/td><\/tr><tr class=\"cookielawinfo-row\"><td class=\"cookielawinfo-column-1\">_ga_9GP14H8ESP<\/td><td class=\"cookielawinfo-column-3\"><\/td><td class=\"cookielawinfo-column-4\">Dieses Cookie wird von Google Analytics installiert.<\/td><\/tr><tr class=\"cookielawinfo-row\"><td class=\"cookielawinfo-column-1\">_gcl_au<\/td><td class=\"cookielawinfo-column-3\"><\/td><td class=\"cookielawinfo-column-4\">Wird von Google Tag Manager bereitgestellt, um die Werbeeffizienz von Websites zu testen, die ihre Dienste verwenden.<\/td><\/tr><\/tbody><\/table>\n<\/p><\/div><\/div><div class=\"cli_cookie_category_single\"><h5 class=\"cli_cookie_category_single_hd\">Marketing<\/h5><div class=\"cli_cookie_category_single_description\"><p>Werbe-Cookies werden verwendet, um Besuchern relevante Werbung und Marketingkampagnen bereitzustellen. Diese Cookies verfolgen Besucher \u00fcber Websites hinweg und sammeln Informationen, um personalisierte Werbung zu liefern.\n\n<\/p><\/div><\/div><div class=\"cli_cookie_category_single\"><h5 class=\"cli_cookie_category_single_hd\">Nicht klassifiziert<\/h5><div class=\"cli_cookie_category_single_description\"><p>Andere nicht klassifizierte Cookies sind solche, die analysiert und noch nicht in eine Kategorie eingeordnet wurden.\n<\/p><\/div><\/div><\/div><br \/>\nIn der folgenden Liste sind die auf unserer Website verwendeten Cookies aufgef\u00fchrt.<br \/>\n<table class=\"wt-cli-element cookielawinfo-classic cookielawinfo-row-cat-table\"><thead><tr><th scope=\"col\" class=\"cookielawinfo-column-1\">Cookie<\/th><th scope=\"col\" class=\"cookielawinfo-column-4\">Beschreibung<\/th><\/thead><tbody><tr class=\"cookielawinfo-row-cat-title\"><th colspan=\"2\" class=\"cookielawinfo-row-cat-title-head\">Notwendig<\/th><\/tr><tr class=\"cookielawinfo-row\"><td class=\"cookielawinfo-column-1\">_GRECAPTCHA<\/td><td class=\"cookielawinfo-column-4\">Dieses Cookie wird vom Recaptcha-Dienst von Google gesetzt, um Bots zu identifizieren und die Website vor b\u00f6swilligen Spam-Angriffen zu sch\u00fctzen.<\/td><\/tr><tr class=\"cookielawinfo-row\"><td class=\"cookielawinfo-column-1\">cookielawinfo-checkbox-advertisement<\/td><td class=\"cookielawinfo-column-4\">Dieses Cookie wird vom GDPR Cookie Consent Plugin gesetzt und wird verwendet, um die Zustimmung des Benutzers f\u00fcr Cookies in der Kategorie \"Marketing\" aufzuzeichnen.<\/td><\/tr><tr class=\"cookielawinfo-row\"><td class=\"cookielawinfo-column-1\">cookielawinfo-checkbox-others<\/td><td class=\"cookielawinfo-column-4\">Dieses Cookie, das vom GDPR Cookie Consent-Plugin gesetzt wird, wird verwendet, um die Zustimmung des Benutzers f\u00fcr Cookies in der Kategorie \"Nicht klassifiziert\" zu speichern.<\/td><\/tr><tr class=\"cookielawinfo-row\"><td class=\"cookielawinfo-column-1\">cookielawinfo-checkbox-analytics<\/td><td class=\"cookielawinfo-column-4\">Dieses vom DSGVO-Cookie-Zustimmungs-Plugin gesetzte Cookie wird verwendet, um die Zustimmung des Benutzers f\u00fcr Cookies in der Kategorie \u201eStatistik\u201c aufzuzeichnen.<\/td><\/tr><tr class=\"cookielawinfo-row\"><td class=\"cookielawinfo-column-1\">cookielawinfo-checkbox-performance<\/td><td class=\"cookielawinfo-column-4\">Dieses Cookie, das vom GDPR Cookie Consent Plugin gesetzt wird, wird verwendet, um die Zustimmung des Benutzers f\u00fcr Cookies in der Kategorie \"Leistung\" zu speichern.<\/td><\/tr><tr class=\"cookielawinfo-row\"><td class=\"cookielawinfo-column-1\">viewed_cookie_policy<\/td><td class=\"cookielawinfo-column-4\">Das Cookie wird vom GDPR Cookie Consent Plugin gesetzt, um zu speichern, ob der Benutzer der Verwendung von Cookies zugestimmt hat oder nicht. Es speichert keine personenbezogenen Daten.<\/td><\/tr><tr class=\"cookielawinfo-row\"><td class=\"cookielawinfo-column-1\">cookielawinfo-checkbox-functional<\/td><td class=\"cookielawinfo-column-4\">Das Cookie wird vom GDPR Cookie Consent Plugin gesetzt, um die Zustimmung des Benutzers f\u00fcr Cookies in der Kategorie \"Funktional\" aufzuzeichnen.<\/td><\/tr><tr class=\"cookielawinfo-row\"><td class=\"cookielawinfo-column-1\">cookielawinfo-checkbox-necessary<\/td><td class=\"cookielawinfo-column-4\">Dieses Cookie wird vom GDPR Cookie Consent Plugin gesetzt und wird verwendet, um die Zustimmung des Benutzers zu Cookies in der Kategorie \"Erforderlich\" aufzuzeichnen.<\/td><\/tr><tr class=\"cookielawinfo-row-cat-title\"><th colspan=\"2\" class=\"cookielawinfo-row-cat-title-head\">Statistiken<\/th><\/tr><tr class=\"cookielawinfo-row\"><td class=\"cookielawinfo-column-1\">_ga<\/td><td class=\"cookielawinfo-column-4\">Das von Google Analytics installierte _ga-Cookie berechnet Besucher-, Sitzungs- und Kampagnendaten und verfolgt auch die Websitenutzung f\u00fcr den Analysebericht der Website. Das Cookie speichert Informationen anonym und weist eine zuf\u00e4llig generierte Nummer zu, um eindeutige Besucher zu erkennen.<\/td><\/tr><tr class=\"cookielawinfo-row\"><td class=\"cookielawinfo-column-1\">_ga_9GP14H8ESP<\/td><td class=\"cookielawinfo-column-4\">Dieses Cookie wird von Google Analytics installiert.<\/td><\/tr><tr class=\"cookielawinfo-row\"><td class=\"cookielawinfo-column-1\">_gcl_au<\/td><td class=\"cookielawinfo-column-4\">Wird von Google Tag Manager bereitgestellt, um die Werbeeffizienz von Websites zu testen, die ihre Dienste verwenden.<\/td><\/tr><\/tbody><\/table><\/p>\n<h3>\nWIE KANN ICH DIE COOKIE-PR\u00c4FERENZEN KONTROLLIEREN?<\/h3>\n<p>Sie k\u00f6nnen Ihre Cookie-Einstellungen verwalten, indem Sie auf die Schaltfl\u00e4che &#8222;Einstellungen&#8220; klicken und die Cookie-Kategorien im Popup entsprechend Ihren Einstellungen aktivieren oder deaktivieren.<\/p>\n<p>Sollten Sie sich sp\u00e4ter w\u00e4hrend Ihrer Browsersitzung entscheiden, Ihre Einstellungen zu \u00e4ndern, k\u00f6nnen Sie auf Ihrem Bildschirm auf die Registerkarte \u201eDatenschutz- und Cookie-Richtlinie\u201c klicken. Dadurch wird der Zustimmungshinweis erneut angezeigt, sodass Sie Ihre Einstellungen \u00e4ndern oder Ihre Zustimmung vollst\u00e4ndig widerrufen k\u00f6nnen.<\/p>\n<p>Dar\u00fcber hinaus bieten verschiedene Browser unterschiedliche Methoden zum Blockieren und L\u00f6schen der von Websites verwendeten Cookies. Sie k\u00f6nnen Ihre Browsereinstellungen \u00e4ndern, um Cookies zu blockieren\/l\u00f6schen. Um mehr dar\u00fcber zu erfahren, wie Sie Cookies verwalten und l\u00f6schen k\u00f6nnen, besuchen Sie die Website wikipedia.org, www.allaboutcookies.org.<\/p>\n<p class=\"wt-cli-element\" style=\"color:#333; clear:both; font-style:italic; font-size:12px; margin-top:15px;\">Powered By <a href=\"https:\/\/www.webtoffee.com\/\" style=\"color:#333; font-weight:600; font-size:12px;\">WebToffee<\/a><\/p>\n<\/div>\n","protected":false},"excerpt":{"rendered":"<p>INFORMATIONEN ZUR COOKIE-RICHTLINIE Diese Cookie-Richtlinie erkl\u00e4rt, was Cookies sind und wie wir sie verwenden. Sie sollten diese Richtlinie lesen, um zu verstehen, was Cookies sind, wie wir sie verwenden, welche Arten von Cookies wir verwenden, d. h. die Informationen, die wir mithilfe von Cookies sammeln und wie diese Informationen verwendet werden, und wie Sie Ihre [&hellip;]<\/p>\n","protected":false},"author":3,"featured_media":0,"parent":0,"menu_order":0,"comment_status":"closed","ping_status":"closed","template":"","meta":{"_glsr_average":0,"_glsr_ranking":0,"_glsr_reviews":0,"footnotes":""},"class_list":["post-4321","page","type-page","status-publish","hentry"],"yoast_head":"<!-- This site is optimized with the Yoast SEO plugin v27.0 - https:\/\/yoast.com\/product\/yoast-seo-wordpress\/ -->\n<title>Cookie Policy - Plus EV-Charge<\/title>\n<meta name=\"robots\" content=\"index, follow, max-snippet:-1, max-image-preview:large, max-video-preview:-1\" \/>\n<link rel=\"canonical\" href=\"https:\/\/plusevcharge.it\/de\/cookie-policy\/\" \/>\n<meta property=\"og:locale\" content=\"de_DE\" \/>\n<meta property=\"og:type\" content=\"article\" \/>\n<meta property=\"og:title\" content=\"Cookie Policy - Plus EV-Charge\" \/>\n<meta property=\"og:description\" content=\"INFORMATIONEN ZUR COOKIE-RICHTLINIE Diese Cookie-Richtlinie erkl\u00e4rt, was Cookies sind und wie wir sie verwenden. Sie sollten diese Richtlinie lesen, um zu verstehen, was Cookies sind, wie wir sie verwenden, welche Arten von Cookies wir verwenden, d. h. die Informationen, die wir mithilfe von Cookies sammeln und wie diese Informationen verwendet werden, und wie Sie Ihre [&hellip;]\" \/>\n<meta property=\"og:url\" content=\"https:\/\/plusevcharge.it\/de\/cookie-policy\/\" \/>\n<meta property=\"og:site_name\" content=\"Plus EV-Charge\" \/>\n<meta property=\"article:modified_time\" content=\"2023-03-24T08:57:43+00:00\" \/>\n<meta name=\"twitter:card\" content=\"summary_large_image\" \/>\n<meta name=\"twitter:label1\" content=\"Gesch\u00e4tzte Lesezeit\" \/>\n\t<meta name=\"twitter:data1\" content=\"3\u00a0Minuten\" \/>\n<script type=\"application\/ld+json\" class=\"yoast-schema-graph\">{\"@context\":\"https:\/\/schema.org\",\"@graph\":[{\"@type\":\"WebPage\",\"@id\":\"https:\/\/plusevcharge.it\/de\/cookie-policy\/\",\"url\":\"https:\/\/plusevcharge.it\/de\/cookie-policy\/\",\"name\":\"Cookie Policy - Plus EV-Charge\",\"isPartOf\":{\"@id\":\"https:\/\/plusevcharge.it\/de\/#website\"},\"datePublished\":\"2022-12-12T14:54:53+00:00\",\"dateModified\":\"2023-03-24T08:57:43+00:00\",\"breadcrumb\":{\"@id\":\"https:\/\/plusevcharge.it\/de\/cookie-policy\/#breadcrumb\"},\"inLanguage\":\"de\",\"potentialAction\":[{\"@type\":\"ReadAction\",\"target\":[\"https:\/\/plusevcharge.it\/de\/cookie-policy\/\"]}]},{\"@type\":\"BreadcrumbList\",\"@id\":\"https:\/\/plusevcharge.it\/de\/cookie-policy\/#breadcrumb\",\"itemListElement\":[{\"@type\":\"ListItem\",\"position\":1,\"name\":\"Home\",\"item\":\"https:\/\/plusevcharge.it\/de\/home\/\"},{\"@type\":\"ListItem\",\"position\":2,\"name\":\"Cookie Policy\"}]},{\"@type\":\"WebSite\",\"@id\":\"https:\/\/plusevcharge.it\/de\/#website\",\"url\":\"https:\/\/plusevcharge.it\/de\/\",\"name\":\"Plus EV-Charge\",\"description\":\"Colonnine Elettriche\",\"publisher\":{\"@id\":\"https:\/\/plusevcharge.it\/de\/#organization\"},\"potentialAction\":[{\"@type\":\"SearchAction\",\"target\":{\"@type\":\"EntryPoint\",\"urlTemplate\":\"https:\/\/plusevcharge.it\/de\/?s={search_term_string}\"},\"query-input\":{\"@type\":\"PropertyValueSpecification\",\"valueRequired\":true,\"valueName\":\"search_term_string\"}}],\"inLanguage\":\"de\"},{\"@type\":\"Organization\",\"@id\":\"https:\/\/plusevcharge.it\/de\/#organization\",\"name\":\"Plus EV-Charge\",\"url\":\"https:\/\/plusevcharge.it\/de\/\",\"logo\":{\"@type\":\"ImageObject\",\"inLanguage\":\"de\",\"@id\":\"https:\/\/plusevcharge.it\/de\/#\/schema\/logo\/image\/\",\"url\":\"https:\/\/plusevcharge.it\/wp-content\/uploads\/2022\/10\/Logo_PlusEV-Charge.png\",\"contentUrl\":\"https:\/\/plusevcharge.it\/wp-content\/uploads\/2022\/10\/Logo_PlusEV-Charge.png\",\"width\":630,\"height\":171,\"caption\":\"Plus EV-Charge\"},\"image\":{\"@id\":\"https:\/\/plusevcharge.it\/de\/#\/schema\/logo\/image\/\"}}]}<\/script>\n<!-- \/ Yoast SEO plugin. -->","yoast_head_json":{"title":"Cookie Policy - Plus EV-Charge","robots":{"index":"index","follow":"follow","max-snippet":"max-snippet:-1","max-image-preview":"max-image-preview:large","max-video-preview":"max-video-preview:-1"},"canonical":"https:\/\/plusevcharge.it\/de\/cookie-policy\/","og_locale":"de_DE","og_type":"article","og_title":"Cookie Policy - Plus EV-Charge","og_description":"INFORMATIONEN ZUR COOKIE-RICHTLINIE Diese Cookie-Richtlinie erkl\u00e4rt, was Cookies sind und wie wir sie verwenden. Sie sollten diese Richtlinie lesen, um zu verstehen, was Cookies sind, wie wir sie verwenden, welche Arten von Cookies wir verwenden, d. h. die Informationen, die wir mithilfe von Cookies sammeln und wie diese Informationen verwendet werden, und wie Sie Ihre [&hellip;]","og_url":"https:\/\/plusevcharge.it\/de\/cookie-policy\/","og_site_name":"Plus EV-Charge","article_modified_time":"2023-03-24T08:57:43+00:00","twitter_card":"summary_large_image","twitter_misc":{"Gesch\u00e4tzte Lesezeit":"3\u00a0Minuten"},"schema":{"@context":"https:\/\/schema.org","@graph":[{"@type":"WebPage","@id":"https:\/\/plusevcharge.it\/de\/cookie-policy\/","url":"https:\/\/plusevcharge.it\/de\/cookie-policy\/","name":"Cookie Policy - Plus EV-Charge","isPartOf":{"@id":"https:\/\/plusevcharge.it\/de\/#website"},"datePublished":"2022-12-12T14:54:53+00:00","dateModified":"2023-03-24T08:57:43+00:00","breadcrumb":{"@id":"https:\/\/plusevcharge.it\/de\/cookie-policy\/#breadcrumb"},"inLanguage":"de","potentialAction":[{"@type":"ReadAction","target":["https:\/\/plusevcharge.it\/de\/cookie-policy\/"]}]},{"@type":"BreadcrumbList","@id":"https:\/\/plusevcharge.it\/de\/cookie-policy\/#breadcrumb","itemListElement":[{"@type":"ListItem","position":1,"name":"Home","item":"https:\/\/plusevcharge.it\/de\/home\/"},{"@type":"ListItem","position":2,"name":"Cookie Policy"}]},{"@type":"WebSite","@id":"https:\/\/plusevcharge.it\/de\/#website","url":"https:\/\/plusevcharge.it\/de\/","name":"Plus EV-Charge","description":"Colonnine Elettriche","publisher":{"@id":"https:\/\/plusevcharge.it\/de\/#organization"},"potentialAction":[{"@type":"SearchAction","target":{"@type":"EntryPoint","urlTemplate":"https:\/\/plusevcharge.it\/de\/?s={search_term_string}"},"query-input":{"@type":"PropertyValueSpecification","valueRequired":true,"valueName":"search_term_string"}}],"inLanguage":"de"},{"@type":"Organization","@id":"https:\/\/plusevcharge.it\/de\/#organization","name":"Plus EV-Charge","url":"https:\/\/plusevcharge.it\/de\/","logo":{"@type":"ImageObject","inLanguage":"de","@id":"https:\/\/plusevcharge.it\/de\/#\/schema\/logo\/image\/","url":"https:\/\/plusevcharge.it\/wp-content\/uploads\/2022\/10\/Logo_PlusEV-Charge.png","contentUrl":"https:\/\/plusevcharge.it\/wp-content\/uploads\/2022\/10\/Logo_PlusEV-Charge.png","width":630,"height":171,"caption":"Plus EV-Charge"},"image":{"@id":"https:\/\/plusevcharge.it\/de\/#\/schema\/logo\/image\/"}}]}},"_links":{"self":[{"href":"https:\/\/plusevcharge.it\/de\/wp-json\/wp\/v2\/pages\/4321","targetHints":{"allow":["GET"]}}],"collection":[{"href":"https:\/\/plusevcharge.it\/de\/wp-json\/wp\/v2\/pages"}],"about":[{"href":"https:\/\/plusevcharge.it\/de\/wp-json\/wp\/v2\/types\/page"}],"author":[{"embeddable":true,"href":"https:\/\/plusevcharge.it\/de\/wp-json\/wp\/v2\/users\/3"}],"replies":[{"embeddable":true,"href":"https:\/\/plusevcharge.it\/de\/wp-json\/wp\/v2\/comments?post=4321"}],"version-history":[{"count":2,"href":"https:\/\/plusevcharge.it\/de\/wp-json\/wp\/v2\/pages\/4321\/revisions"}],"predecessor-version":[{"id":4326,"href":"https:\/\/plusevcharge.it\/de\/wp-json\/wp\/v2\/pages\/4321\/revisions\/4326"}],"wp:attachment":[{"href":"https:\/\/plusevcharge.it\/de\/wp-json\/wp\/v2\/media?parent=4321"}],"curies":[{"name":"wp","href":"https:\/\/api.w.org\/{rel}","templated":true}]}}