{"id":4722,"date":"2022-12-12T15:54:53","date_gmt":"2022-12-12T14:54:53","guid":{"rendered":"https:\/\/plusevcharge.it\/cookie-policy\/"},"modified":"2022-12-12T15:54:53","modified_gmt":"2022-12-12T14:54:53","slug":"cookie-policy","status":"publish","type":"page","link":"https:\/\/plusevcharge.it\/es\/cookie-policy\/","title":{"rendered":"Cookie Policy"},"content":{"rendered":"<div class=\"cli_pg_page_contaner\">\n<h3>About Cookie Policy<\/h3>\n<div>This Cookie Policy explains what cookies are and how them what. You should read this policy to understand are cookies, how they should be, the types of cookies that come, that is, the information that cookies collect and how that information is used and how to control your cookie preferences. For more information on data such as yours, we store and keep your personal data safe, see our Privacy Policy.<\/p>\n<p>You can at any time change or withdraw your consent from the Cookie Declaration on our website.<br \/>\nLearn more about who we are, how you can contact us and how we process personal data in our Privacy Policy.<br \/>\nYour consent applies to the following domains: colonnineautoelettriche.com<br \/>\n<div class=\"wt-cli-element cli_user_consent_state\"><\/div><\/p><\/div>\n<h3>What are Cookies?<\/h3>\n<div>Cookies are small text files that are used to store small pieces of information. The cookies are stored on your device when the website is loaded on your browser. These cookies help us make the website function properly, make the website more secure, provide better user experience, and understand how the website performs and to analyze what works and where it needs improvement.<\/div>\n<h3>How do we use Cookie?<\/h3>\n<div>As most of the online services, our website uses cookies first-party and third-party cookies for a number of purposes. The first-party cookies are mostly necessary for the website to function the right way, and they do not collect any of your personally identifiable data.<\/p>\n<p>The third-party cookies used on our websites are used mainly for understanding how the website performs, how you interact with our website, keeping our services secure, providing advertisements that are relevant to you, and all in all providing you with a better and improved user experience and help speed up your future interactions with our website.<\/p><\/div>\n<h3>What types of Cookies do we use?<\/h3>\n<div>The cookies used on our website are grouped into the following categories.<br \/>\n<div class=\"wt-cli-element cli_cookie_category_single\"><div class=\"cli_cookie_category_single\"><h5 class=\"cli_cookie_category_single_hd\">Necesarias<\/h5><div class=\"cli_cookie_category_single_description\"><p>Las cookies necesarias son absolutamente esenciales para que el sitio web funcione correctamente. Estas cookies garantizan la funcionalidad b\u00e1sica y las caracter\u00edsticas de seguridad del sitio web, de forma an\u00f3nima.\n<table class=\"wt-cli-element cookielawinfo-row-cat-table cookielawinfo-winter\"><thead><tr><th scope=\"col\" class=\"cookielawinfo-column-1\">Cookie<\/th><th scope=\"col\" class=\"cookielawinfo-column-3\">Duraci\u00f3n<\/th><th scope=\"col\" class=\"cookielawinfo-column-4\">Descripci\u00f3n<\/th><\/tr><\/thead><tbody><tr class=\"cookielawinfo-row\"><td class=\"cookielawinfo-column-1\">_GRECAPTCHA<\/td><td class=\"cookielawinfo-column-3\"><\/td><td class=\"cookielawinfo-column-4\">El servicio recaptcha de Google configura esta cookie para identificar bots y proteger el sitio web de ataques de spam maliciosos.<\/td><\/tr><tr class=\"cookielawinfo-row\"><td class=\"cookielawinfo-column-1\">cookielawinfo-checkbox-advertisement<\/td><td class=\"cookielawinfo-column-3\"><\/td><td class=\"cookielawinfo-column-4\">Establecida por el complemento de consentimiento de cookies de GDPR, esta cookie se utiliza para registrar el consentimiento del usuario para las cookies en la categor\u00eda \"Publicidad\".<\/td><\/tr><tr class=\"cookielawinfo-row\"><td class=\"cookielawinfo-column-1\">cookielawinfo-checkbox-analytics<\/td><td class=\"cookielawinfo-column-3\"><\/td><td class=\"cookielawinfo-column-4\">Esta cookie est\u00e1 configurada por el complemento de consentimiento de cookies de GDPR. La cookie se utiliza para almacenar el consentimiento del usuario para las cookies en la categor\u00eda \"An\u00e1lisis\".<\/td><\/tr><tr class=\"cookielawinfo-row\"><td class=\"cookielawinfo-column-1\">cookielawinfo-checkbox-functional<\/td><td class=\"cookielawinfo-column-3\"><\/td><td class=\"cookielawinfo-column-4\">La cookie est\u00e1 configurada por el consentimiento de cookies de GDPR para registrar el consentimiento del usuario para las cookies en la categor\u00eda \"Funcional\".<\/td><\/tr><tr class=\"cookielawinfo-row\"><td class=\"cookielawinfo-column-1\">cookielawinfo-checkbox-necessary<\/td><td class=\"cookielawinfo-column-3\"><\/td><td class=\"cookielawinfo-column-4\">Esta cookie est\u00e1 configurada por el complemento de consentimiento de cookies de GDPR. Las cookies se utilizan para almacenar el consentimiento del usuario para las cookies en la categor\u00eda \"Necesario\".<\/td><\/tr><tr class=\"cookielawinfo-row\"><td class=\"cookielawinfo-column-1\">cookielawinfo-checkbox-others<\/td><td class=\"cookielawinfo-column-3\"><\/td><td class=\"cookielawinfo-column-4\">Esta cookie est\u00e1 configurada por el complemento de consentimiento de cookies de GDPR. La cookie se utiliza para almacenar el consentimiento del usuario para las cookies en la categor\u00eda \"Otros\".<\/td><\/tr><tr class=\"cookielawinfo-row\"><td class=\"cookielawinfo-column-1\">cookielawinfo-checkbox-performance<\/td><td class=\"cookielawinfo-column-3\"><\/td><td class=\"cookielawinfo-column-4\">Esta cookie est\u00e1 configurada por el complemento de consentimiento de cookies de GDPR. La cookie se utiliza para almacenar el consentimiento del usuario para las cookies en la categor\u00eda \"Rendimiento\".<\/td><\/tr><tr class=\"cookielawinfo-row\"><td class=\"cookielawinfo-column-1\">viewed_cookie_policy<\/td><td class=\"cookielawinfo-column-3\"><\/td><td class=\"cookielawinfo-column-4\">La cookie est\u00e1 configurada por el complemento de consentimiento de cookies de GDPR y se utiliza para almacenar si el usuario ha dado su consentimiento o no para el uso de cookies. No almacena ning\u00fan dato personal.<\/td><\/tr><\/tbody><\/table><\/p><\/div><\/div><div class=\"cli_cookie_category_single\"><h5 class=\"cli_cookie_category_single_hd\">Funcionales<\/h5><div class=\"cli_cookie_category_single_description\"><p>Las cookies funcionales ayudan a realizar ciertas funcionalidades, como compartir contenido del sitio web en plataformas de redes sociales, recopilar comentarios y otras funcionalidades de terceros.\n<\/p><\/div><\/div><div class=\"cli_cookie_category_single\"><h5 class=\"cli_cookie_category_single_hd\">Prestaciones<\/h5><div class=\"cli_cookie_category_single_description\"><p>Las cookies de rendimiento se utilizan para comprender y analizar m\u00e9tricas clave del rendimiento del sitio web que ayudan a brindar una mejor experiencia de usuario a los visitantes.\n\n<\/p><\/div><\/div><div class=\"cli_cookie_category_single\"><h5 class=\"cli_cookie_category_single_hd\">Estad\u00edsticas<\/h5><div class=\"cli_cookie_category_single_description\"><p>Las cookies anal\u00edticas se utilizan para comprender c\u00f3mo interact\u00faan los visitantes con el sitio web. Estas cookies ayudan a proporcionar informaci\u00f3n sobre m\u00e9tricas como el n\u00famero de visitantes, la tasa de rebote, la fuente de tr\u00e1fico, etc.\n<table class=\"wt-cli-element cookielawinfo-row-cat-table cookielawinfo-winter\"><thead><tr><th scope=\"col\" class=\"cookielawinfo-column-1\">Cookie<\/th><th scope=\"col\" class=\"cookielawinfo-column-3\">Duraci\u00f3n<\/th><th scope=\"col\" class=\"cookielawinfo-column-4\">Descripci\u00f3n<\/th><\/tr><\/thead><tbody><tr class=\"cookielawinfo-row\"><td class=\"cookielawinfo-column-1\">_ga<\/td><td class=\"cookielawinfo-column-3\"><\/td><td class=\"cookielawinfo-column-4\">La cookie _ga, instalada por Google Analytics, calcula los datos de visitantes, sesiones y campa\u00f1as y tambi\u00e9n rastrea el uso del sitio para el informe anal\u00edtico del sitio. La cookie almacena informaci\u00f3n de forma an\u00f3nima y asigna un n\u00famero generado aleatoriamente para reconocer a visitantes \u00fanicos.<\/td><\/tr><tr class=\"cookielawinfo-row\"><td class=\"cookielawinfo-column-1\">_ga_9GP14H8ESP<\/td><td class=\"cookielawinfo-column-3\"><\/td><td class=\"cookielawinfo-column-4\">Esta cookie es instalada por Google Analytics.<\/td><\/tr><tr class=\"cookielawinfo-row\"><td class=\"cookielawinfo-column-1\">_gcl_au<\/td><td class=\"cookielawinfo-column-3\"><\/td><td class=\"cookielawinfo-column-4\">Proporcionado por Google Tag Manager para probar la eficiencia publicitaria de los sitios web que utilizan sus servicios.<\/td><\/tr><\/tbody><\/table>\n<\/p><\/div><\/div><div class=\"cli_cookie_category_single\"><h5 class=\"cli_cookie_category_single_hd\">Marketing<\/h5><div class=\"cli_cookie_category_single_description\"><p>Las cookies publicitarias se utilizan para proporcionar a los visitantes anuncios y campa\u00f1as de marketing relevantes. Estas cookies rastrean a los visitantes en los sitios web y recopilan informaci\u00f3n para ofrecer anuncios personalizados.\n<\/p><\/div><\/div><div class=\"cli_cookie_category_single\"><h5 class=\"cli_cookie_category_single_hd\">No clasificadas<\/h5><div class=\"cli_cookie_category_single_description\"><p>Otras cookies no clasificadas son aquellas que se analizan y a\u00fan no han sido clasificadas en una categor\u00eda.\n\n<\/p><\/div><\/div><\/div><br \/>\nThe below list details the cookies used in our website.<br \/>\n<table class=\"wt-cli-element cookielawinfo-classic cookielawinfo-row-cat-table\"><thead><tr><th scope=\"col\" class=\"cookielawinfo-column-1\">Cookie<\/th><th scope=\"col\" class=\"cookielawinfo-column-4\">Descripci\u00f3n<\/th><\/thead><tbody><tr class=\"cookielawinfo-row-cat-title\"><th colspan=\"2\" class=\"cookielawinfo-row-cat-title-head\">Necesarias<\/th><\/tr><tr class=\"cookielawinfo-row\"><td class=\"cookielawinfo-column-1\">_GRECAPTCHA<\/td><td class=\"cookielawinfo-column-4\">El servicio recaptcha de Google configura esta cookie para identificar bots y proteger el sitio web de ataques de spam maliciosos.<\/td><\/tr><tr class=\"cookielawinfo-row\"><td class=\"cookielawinfo-column-1\">cookielawinfo-checkbox-advertisement<\/td><td class=\"cookielawinfo-column-4\">Establecida por el complemento de consentimiento de cookies de GDPR, esta cookie se utiliza para registrar el consentimiento del usuario para las cookies en la categor\u00eda \"Publicidad\".<\/td><\/tr><tr class=\"cookielawinfo-row\"><td class=\"cookielawinfo-column-1\">cookielawinfo-checkbox-others<\/td><td class=\"cookielawinfo-column-4\">Esta cookie est\u00e1 configurada por el complemento de consentimiento de cookies de GDPR. La cookie se utiliza para almacenar el consentimiento del usuario para las cookies en la categor\u00eda \"Otros\".<\/td><\/tr><tr class=\"cookielawinfo-row\"><td class=\"cookielawinfo-column-1\">cookielawinfo-checkbox-analytics<\/td><td class=\"cookielawinfo-column-4\">Esta cookie est\u00e1 configurada por el complemento de consentimiento de cookies de GDPR. La cookie se utiliza para almacenar el consentimiento del usuario para las cookies en la categor\u00eda \"An\u00e1lisis\".<\/td><\/tr><tr class=\"cookielawinfo-row\"><td class=\"cookielawinfo-column-1\">cookielawinfo-checkbox-performance<\/td><td class=\"cookielawinfo-column-4\">Esta cookie est\u00e1 configurada por el complemento de consentimiento de cookies de GDPR. La cookie se utiliza para almacenar el consentimiento del usuario para las cookies en la categor\u00eda \"Rendimiento\".<\/td><\/tr><tr class=\"cookielawinfo-row\"><td class=\"cookielawinfo-column-1\">cookielawinfo-checkbox-functional<\/td><td class=\"cookielawinfo-column-4\">La cookie est\u00e1 configurada por el consentimiento de cookies de GDPR para registrar el consentimiento del usuario para las cookies en la categor\u00eda \"Funcional\".<\/td><\/tr><tr class=\"cookielawinfo-row\"><td class=\"cookielawinfo-column-1\">cookielawinfo-checkbox-necessary<\/td><td class=\"cookielawinfo-column-4\">Esta cookie est\u00e1 configurada por el complemento de consentimiento de cookies de GDPR. Las cookies se utilizan para almacenar el consentimiento del usuario para las cookies en la categor\u00eda \"Necesario\".<\/td><\/tr><tr class=\"cookielawinfo-row\"><td class=\"cookielawinfo-column-1\">viewed_cookie_policy<\/td><td class=\"cookielawinfo-column-4\">La cookie est\u00e1 configurada por el complemento de consentimiento de cookies de GDPR y se utiliza para almacenar si el usuario ha dado su consentimiento o no para el uso de cookies. No almacena ning\u00fan dato personal.<\/td><\/tr><tr class=\"cookielawinfo-row-cat-title\"><th colspan=\"2\" class=\"cookielawinfo-row-cat-title-head\">Estad\u00edsticas<\/th><\/tr><tr class=\"cookielawinfo-row\"><td class=\"cookielawinfo-column-1\">_ga<\/td><td class=\"cookielawinfo-column-4\">La cookie _ga, instalada por Google Analytics, calcula los datos de visitantes, sesiones y campa\u00f1as y tambi\u00e9n rastrea el uso del sitio para el informe anal\u00edtico del sitio. La cookie almacena informaci\u00f3n de forma an\u00f3nima y asigna un n\u00famero generado aleatoriamente para reconocer a visitantes \u00fanicos.<\/td><\/tr><tr class=\"cookielawinfo-row\"><td class=\"cookielawinfo-column-1\">_ga_9GP14H8ESP<\/td><td class=\"cookielawinfo-column-4\">Esta cookie es instalada por Google Analytics.<\/td><\/tr><tr class=\"cookielawinfo-row\"><td class=\"cookielawinfo-column-1\">_gcl_au<\/td><td class=\"cookielawinfo-column-4\">Proporcionado por Google Tag Manager para probar la eficiencia publicitaria de los sitios web que utilizan sus servicios.<\/td><\/tr><\/tbody><\/table><\/div>\n<h3>How can I control the Cookie preferences?<\/h3>\n<div>You can manage your cookies preferences by clicking on the \u201cSettings\u201d button and enabling or disabling the cookie categories on the popup according to your preferences.<\/p>\n<p>Should you decide to change your preferences later through your browsing session, you can click on the \u201cPrivacy &amp; Cookie Policy\u201d tab on your screen. This will display the consent notice again enabling you to change your preferences or withdraw your consent entirely.<\/p>\n<p>In addition to this, different browsers provide different methods to block and delete cookies used by websites. You can change the settings of your browser to block\/delete the cookies. To find out more out more on how to manage and delete cookies, visit wikipedia.org, www.allaboutcookies.org.<\/p><\/div>\n<p class=\"wt-cli-element\" style=\"color:#333; clear:both; font-style:italic; font-size:12px; margin-top:15px;\">Powered By <a href=\"https:\/\/www.webtoffee.com\/\" style=\"color:#333; font-weight:600; font-size:12px;\">WebToffee<\/a><\/p><\/div>\n","protected":false},"excerpt":{"rendered":"<p>About Cookie Policy This Cookie Policy explains what cookies are and how them what. You should read this policy to understand are cookies, how they should be, the types of cookies that come, that is, the information that cookies collect and how that information is used and how to control your cookie preferences. For more [&hellip;]<\/p>\n","protected":false},"author":3,"featured_media":0,"parent":0,"menu_order":0,"comment_status":"closed","ping_status":"closed","template":"","meta":{"_glsr_average":0,"_glsr_ranking":0,"_glsr_reviews":0,"footnotes":""},"class_list":["post-4722","page","type-page","status-publish","hentry"],"yoast_head":"<!-- This site is optimized with the Yoast SEO plugin v27.0 - https:\/\/yoast.com\/product\/yoast-seo-wordpress\/ -->\n<title>Cookie Policy - Plus EV-Charge<\/title>\n<meta name=\"robots\" content=\"index, follow, max-snippet:-1, max-image-preview:large, max-video-preview:-1\" \/>\n<link rel=\"canonical\" href=\"https:\/\/plusevcharge.it\/es\/cookie-policy\/\" \/>\n<meta property=\"og:locale\" content=\"es_ES\" \/>\n<meta property=\"og:type\" content=\"article\" \/>\n<meta property=\"og:title\" content=\"Cookie Policy - Plus EV-Charge\" \/>\n<meta property=\"og:description\" content=\"About Cookie Policy This Cookie Policy explains what cookies are and how them what. You should read this policy to understand are cookies, how they should be, the types of cookies that come, that is, the information that cookies collect and how that information is used and how to control your cookie preferences. For more [&hellip;]\" \/>\n<meta property=\"og:url\" content=\"https:\/\/plusevcharge.it\/es\/cookie-policy\/\" \/>\n<meta property=\"og:site_name\" content=\"Plus EV-Charge\" \/>\n<meta name=\"twitter:card\" content=\"summary_large_image\" \/>\n<meta name=\"twitter:label1\" content=\"Tiempo de lectura\" \/>\n\t<meta name=\"twitter:data1\" content=\"2 minutos\" \/>\n<script type=\"application\/ld+json\" class=\"yoast-schema-graph\">{\"@context\":\"https:\/\/schema.org\",\"@graph\":[{\"@type\":\"WebPage\",\"@id\":\"https:\/\/plusevcharge.it\/es\/cookie-policy\/\",\"url\":\"https:\/\/plusevcharge.it\/es\/cookie-policy\/\",\"name\":\"Cookie Policy - Plus EV-Charge\",\"isPartOf\":{\"@id\":\"https:\/\/plusevcharge.it\/es\/#website\"},\"datePublished\":\"2022-12-12T14:54:53+00:00\",\"breadcrumb\":{\"@id\":\"https:\/\/plusevcharge.it\/es\/cookie-policy\/#breadcrumb\"},\"inLanguage\":\"es\",\"potentialAction\":[{\"@type\":\"ReadAction\",\"target\":[\"https:\/\/plusevcharge.it\/es\/cookie-policy\/\"]}]},{\"@type\":\"BreadcrumbList\",\"@id\":\"https:\/\/plusevcharge.it\/es\/cookie-policy\/#breadcrumb\",\"itemListElement\":[{\"@type\":\"ListItem\",\"position\":1,\"name\":\"Home\",\"item\":\"https:\/\/plusevcharge.it\/es\/inicio\/\"},{\"@type\":\"ListItem\",\"position\":2,\"name\":\"Cookie Policy\"}]},{\"@type\":\"WebSite\",\"@id\":\"https:\/\/plusevcharge.it\/es\/#website\",\"url\":\"https:\/\/plusevcharge.it\/es\/\",\"name\":\"Plus EV-Charge\",\"description\":\"Colonnine Elettriche\",\"publisher\":{\"@id\":\"https:\/\/plusevcharge.it\/es\/#organization\"},\"potentialAction\":[{\"@type\":\"SearchAction\",\"target\":{\"@type\":\"EntryPoint\",\"urlTemplate\":\"https:\/\/plusevcharge.it\/es\/?s={search_term_string}\"},\"query-input\":{\"@type\":\"PropertyValueSpecification\",\"valueRequired\":true,\"valueName\":\"search_term_string\"}}],\"inLanguage\":\"es\"},{\"@type\":\"Organization\",\"@id\":\"https:\/\/plusevcharge.it\/es\/#organization\",\"name\":\"Plus EV-Charge\",\"url\":\"https:\/\/plusevcharge.it\/es\/\",\"logo\":{\"@type\":\"ImageObject\",\"inLanguage\":\"es\",\"@id\":\"https:\/\/plusevcharge.it\/es\/#\/schema\/logo\/image\/\",\"url\":\"https:\/\/plusevcharge.it\/wp-content\/uploads\/2022\/10\/Logo_PlusEV-Charge.png\",\"contentUrl\":\"https:\/\/plusevcharge.it\/wp-content\/uploads\/2022\/10\/Logo_PlusEV-Charge.png\",\"width\":630,\"height\":171,\"caption\":\"Plus EV-Charge\"},\"image\":{\"@id\":\"https:\/\/plusevcharge.it\/es\/#\/schema\/logo\/image\/\"}}]}<\/script>\n<!-- \/ Yoast SEO plugin. -->","yoast_head_json":{"title":"Cookie Policy - Plus EV-Charge","robots":{"index":"index","follow":"follow","max-snippet":"max-snippet:-1","max-image-preview":"max-image-preview:large","max-video-preview":"max-video-preview:-1"},"canonical":"https:\/\/plusevcharge.it\/es\/cookie-policy\/","og_locale":"es_ES","og_type":"article","og_title":"Cookie Policy - Plus EV-Charge","og_description":"About Cookie Policy This Cookie Policy explains what cookies are and how them what. You should read this policy to understand are cookies, how they should be, the types of cookies that come, that is, the information that cookies collect and how that information is used and how to control your cookie preferences. For more [&hellip;]","og_url":"https:\/\/plusevcharge.it\/es\/cookie-policy\/","og_site_name":"Plus EV-Charge","twitter_card":"summary_large_image","twitter_misc":{"Tiempo de lectura":"2 minutos"},"schema":{"@context":"https:\/\/schema.org","@graph":[{"@type":"WebPage","@id":"https:\/\/plusevcharge.it\/es\/cookie-policy\/","url":"https:\/\/plusevcharge.it\/es\/cookie-policy\/","name":"Cookie Policy - Plus EV-Charge","isPartOf":{"@id":"https:\/\/plusevcharge.it\/es\/#website"},"datePublished":"2022-12-12T14:54:53+00:00","breadcrumb":{"@id":"https:\/\/plusevcharge.it\/es\/cookie-policy\/#breadcrumb"},"inLanguage":"es","potentialAction":[{"@type":"ReadAction","target":["https:\/\/plusevcharge.it\/es\/cookie-policy\/"]}]},{"@type":"BreadcrumbList","@id":"https:\/\/plusevcharge.it\/es\/cookie-policy\/#breadcrumb","itemListElement":[{"@type":"ListItem","position":1,"name":"Home","item":"https:\/\/plusevcharge.it\/es\/inicio\/"},{"@type":"ListItem","position":2,"name":"Cookie Policy"}]},{"@type":"WebSite","@id":"https:\/\/plusevcharge.it\/es\/#website","url":"https:\/\/plusevcharge.it\/es\/","name":"Plus EV-Charge","description":"Colonnine Elettriche","publisher":{"@id":"https:\/\/plusevcharge.it\/es\/#organization"},"potentialAction":[{"@type":"SearchAction","target":{"@type":"EntryPoint","urlTemplate":"https:\/\/plusevcharge.it\/es\/?s={search_term_string}"},"query-input":{"@type":"PropertyValueSpecification","valueRequired":true,"valueName":"search_term_string"}}],"inLanguage":"es"},{"@type":"Organization","@id":"https:\/\/plusevcharge.it\/es\/#organization","name":"Plus EV-Charge","url":"https:\/\/plusevcharge.it\/es\/","logo":{"@type":"ImageObject","inLanguage":"es","@id":"https:\/\/plusevcharge.it\/es\/#\/schema\/logo\/image\/","url":"https:\/\/plusevcharge.it\/wp-content\/uploads\/2022\/10\/Logo_PlusEV-Charge.png","contentUrl":"https:\/\/plusevcharge.it\/wp-content\/uploads\/2022\/10\/Logo_PlusEV-Charge.png","width":630,"height":171,"caption":"Plus EV-Charge"},"image":{"@id":"https:\/\/plusevcharge.it\/es\/#\/schema\/logo\/image\/"}}]}},"_links":{"self":[{"href":"https:\/\/plusevcharge.it\/es\/wp-json\/wp\/v2\/pages\/4722","targetHints":{"allow":["GET"]}}],"collection":[{"href":"https:\/\/plusevcharge.it\/es\/wp-json\/wp\/v2\/pages"}],"about":[{"href":"https:\/\/plusevcharge.it\/es\/wp-json\/wp\/v2\/types\/page"}],"author":[{"embeddable":true,"href":"https:\/\/plusevcharge.it\/es\/wp-json\/wp\/v2\/users\/3"}],"replies":[{"embeddable":true,"href":"https:\/\/plusevcharge.it\/es\/wp-json\/wp\/v2\/comments?post=4722"}],"version-history":[{"count":0,"href":"https:\/\/plusevcharge.it\/es\/wp-json\/wp\/v2\/pages\/4722\/revisions"}],"wp:attachment":[{"href":"https:\/\/plusevcharge.it\/es\/wp-json\/wp\/v2\/media?parent=4722"}],"curies":[{"name":"wp","href":"https:\/\/api.w.org\/{rel}","templated":true}]}}