{"id":4320,"date":"2022-12-12T15:54:53","date_gmt":"2022-12-12T14:54:53","guid":{"rendered":"https:\/\/plusevcharge.it\/cookie-policy\/"},"modified":"2023-03-24T09:55:05","modified_gmt":"2023-03-24T08:55:05","slug":"cookie-policy","status":"publish","type":"page","link":"https:\/\/plusevcharge.it\/fr\/cookie-policy\/","title":{"rendered":"Cookie Policy"},"content":{"rendered":"<div class=\"cli_pg_page_contaner\">\n<h3>INFORMATIONS SUR LA POLITIQUE EN MATI\u00c8RE DE COOKIES<\/h3>\n<p>Cette politique relative aux cookies explique ce que sont les cookies et comment nous les utilisons. Vous devez lire cette politique pour comprendre ce que sont les cookies, comment nous les utilisons, les types de cookies que nous utilisons, c&rsquo;est-\u00e0-dire les informations que nous collectons \u00e0 l&rsquo;aide de cookies et comment ces informations sont utilis\u00e9es, et comment contr\u00f4ler vos pr\u00e9f\u00e9rences en mati\u00e8re de cookies. Pour plus d&rsquo;informations sur la mani\u00e8re dont nous utilisons, stockons et prot\u00e9geons vos donn\u00e9es personnelles, veuillez consulter notre Politique de confidentialit\u00e9.<\/p>\n<p>Vous pouvez \u00e0 tout moment modifier ou retirer votre consentement \u00e0 la d\u00e9claration relative aux cookies sur notre site Web.<br \/>\nD\u00e9couvrez qui nous sommes, comment vous pouvez nous contacter et comment nous traitons les donn\u00e9es personnelles dans notre politique de confidentialit\u00e9.<br \/>\nVotre consentement s&rsquo;applique aux domaines suivants : colonnes \u00e9lectriques.com<br \/>\n<div class=\"wt-cli-element cli_user_consent_state\"><\/div><\/p>\n<p>&nbsp;<\/p>\n<h3>QU&rsquo;EST-CE QUE LES COOKIES ?<\/h3>\n<p>Les cookies sont de petits fichiers texte utilis\u00e9s pour stocker de petites informations. Les cookies sont stock\u00e9s sur votre appareil lorsque le site Web est charg\u00e9 dans votre navigateur. Ces cookies nous aident \u00e0 faire fonctionner le site Web correctement, \u00e0 le rendre plus s\u00e9curis\u00e9, \u00e0 offrir une meilleure exp\u00e9rience utilisateur et \u00e0 comprendre comment le site Web fonctionne et \u00e0 analyser ce qui fonctionne et o\u00f9 il doit \u00eatre am\u00e9lior\u00e9.<\/p>\n<h3>\nCOMMENT UTILISONS-NOUS LES COOKIES ?<\/h3>\n<p>Comme la plupart des services en ligne, notre site Web utilise des cookies propri\u00e9taires et des cookies tiers \u00e0 diverses fins. Les cookies de premi\u00e8re partie sont principalement n\u00e9cessaires au bon fonctionnement du site Web et ne collectent aucune de vos informations personnellement identifiables.<\/p>\n<p>Les cookies tiers utilis\u00e9s sur nos sites Web sont principalement utilis\u00e9s pour comprendre comment le site Web fonctionne, comment vous interagissez avec notre site Web, assurer la s\u00e9curit\u00e9 de nos services, diffuser des publicit\u00e9s pertinentes pour vous et, dans l&rsquo;ensemble, vous fournir un meilleur et am\u00e9lior\u00e9 l&rsquo;exp\u00e9rience utilisateur et aide \u00e0 acc\u00e9l\u00e9rer vos futures interactions avec notre site Web.<\/p>\n<h3>QUELS TYPES DE COOKIES UTILISONS-NOUS ?<\/h3>\n<p>Les cookies utilis\u00e9s sur notre site Web sont regroup\u00e9s dans les cat\u00e9gories suivantes.<br \/>\n<div class=\"wt-cli-element cli_cookie_category_single\"><div class=\"cli_cookie_category_single\"><h5 class=\"cli_cookie_category_single_hd\">N\u00e9cessaire<\/h5><div class=\"cli_cookie_category_single_description\"><p>Les cookies n\u00e9cessaires sont absolument essentiels au bon fonctionnement du site Web. Ces cookies garantissent les fonctionnalit\u00e9s de base et les fonctions de s\u00e9curit\u00e9 du site Web, de mani\u00e8re anonyme.\n<table class=\"wt-cli-element cookielawinfo-row-cat-table cookielawinfo-winter\"><thead><tr><th scope=\"col\" class=\"cookielawinfo-column-1\">Cookie<\/th><th scope=\"col\" class=\"cookielawinfo-column-3\">Dur\u00e9e<\/th><th scope=\"col\" class=\"cookielawinfo-column-4\">Description<\/th><\/tr><\/thead><tbody><tr class=\"cookielawinfo-row\"><td class=\"cookielawinfo-column-1\">_GRECAPTCHA<\/td><td class=\"cookielawinfo-column-3\">5 mesi 27 giorni<\/td><td class=\"cookielawinfo-column-4\">Ce cookie est d\u00e9fini par le service recaptcha de Google pour identifier les robots afin de prot\u00e9ger le site Web contre les attaques de spam malveillantes.<\/td><\/tr><tr class=\"cookielawinfo-row\"><td class=\"cookielawinfo-column-1\">cookielawinfo-checkbox-advertisement<\/td><td class=\"cookielawinfo-column-3\">1 anno<\/td><td class=\"cookielawinfo-column-4\">D\u00e9fini par le plugin GDPR Cookie Consent, ce cookie est utilis\u00e9 pour enregistrer le consentement de l'utilisateur pour les cookies de la cat\u00e9gorie \"Marketing\".<\/td><\/tr><tr class=\"cookielawinfo-row\"><td class=\"cookielawinfo-column-1\">cookielawinfo-checkbox-analytics<\/td><td class=\"cookielawinfo-column-3\">11 mesi<\/td><td class=\"cookielawinfo-column-4\">D\u00e9fini par le plugin GDPR Cookie Consent, ce cookie est utilis\u00e9 pour enregistrer le consentement de l'utilisateur pour les cookies de la cat\u00e9gorie \"Statistiques\".<\/td><\/tr><tr class=\"cookielawinfo-row\"><td class=\"cookielawinfo-column-1\">cookielawinfo-checkbox-functional<\/td><td class=\"cookielawinfo-column-3\">11 mesi<\/td><td class=\"cookielawinfo-column-4\">Le cookie est d\u00e9fini par le plugin GDPR Cookie Consent pour enregistrer le consentement de l'utilisateur pour les cookies dans la cat\u00e9gorie \"Fonctionnel\".<\/td><\/tr><tr class=\"cookielawinfo-row\"><td class=\"cookielawinfo-column-1\">cookielawinfo-checkbox-necessary<\/td><td class=\"cookielawinfo-column-3\">11 mesi<\/td><td class=\"cookielawinfo-column-4\">D\u00e9fini par le plug-in GDPR Cookie Consent, ce cookie est utilis\u00e9 pour enregistrer le consentement de l'utilisateur pour les cookies de la cat\u00e9gorie \"Obligatoire\".<\/td><\/tr><tr class=\"cookielawinfo-row\"><td class=\"cookielawinfo-column-1\">cookielawinfo-checkbox-others<\/td><td class=\"cookielawinfo-column-3\">11 mesi<\/td><td class=\"cookielawinfo-column-4\">D\u00e9fini par le plug-in GDPR Cookie Consent, ce cookie est utilis\u00e9 pour stocker le consentement de l'utilisateur pour les cookies de la cat\u00e9gorie \"Non class\u00e9\".<\/td><\/tr><tr class=\"cookielawinfo-row\"><td class=\"cookielawinfo-column-1\">cookielawinfo-checkbox-performance<\/td><td class=\"cookielawinfo-column-3\">11 mesi<\/td><td class=\"cookielawinfo-column-4\">D\u00e9fini par le plugin GDPR Cookie Consent, ce cookie est utilis\u00e9 pour stocker le consentement de l'utilisateur pour les cookies dans la cat\u00e9gorie \"Performance\".<\/td><\/tr><tr class=\"cookielawinfo-row\"><td class=\"cookielawinfo-column-1\">viewed_cookie_policy<\/td><td class=\"cookielawinfo-column-3\">11 mesi<\/td><td class=\"cookielawinfo-column-4\">Le cookie est d\u00e9fini par le plugin GDPR Cookie Consent pour stocker si l'utilisateur a consenti ou non \u00e0 l'utilisation de cookies. Il ne stocke aucune donn\u00e9e personnelle.<\/td><\/tr><\/tbody><\/table>\n<\/p><\/div><\/div><div class=\"cli_cookie_category_single\"><h5 class=\"cli_cookie_category_single_hd\">Fonctionnel<\/h5><div class=\"cli_cookie_category_single_description\"><p>Les cookies fonctionnels aident \u00e0 ex\u00e9cuter certaines fonctionnalit\u00e9s telles que le partage du contenu du site Web sur les plateformes de m\u00e9dias sociaux, la collecte de commentaires et d'autres fonctionnalit\u00e9s tierces.\n\n<\/p><\/div><\/div><div class=\"cli_cookie_category_single\"><h5 class=\"cli_cookie_category_single_hd\">Performance<\/h5><div class=\"cli_cookie_category_single_description\"><p>es cookies de performance sont utilis\u00e9s pour comprendre et analyser les mesures cl\u00e9s des performances du site Web qui aident \u00e0 offrir une meilleure exp\u00e9rience utilisateur aux visiteurs.\n\n<\/p><\/div><\/div><div class=\"cli_cookie_category_single\"><h5 class=\"cli_cookie_category_single_hd\">Statistiques<\/h5><div class=\"cli_cookie_category_single_description\"><p>Les cookies analytiques sont utilis\u00e9s pour comprendre comment les visiteurs interagissent avec le site Web. Ces cookies aident \u00e0 fournir des informations sur des mesures telles que le nombre de visiteurs, le taux de rebond, la source de trafic, etc.\n<table class=\"wt-cli-element cookielawinfo-row-cat-table cookielawinfo-winter\"><thead><tr><th scope=\"col\" class=\"cookielawinfo-column-1\">Cookie<\/th><th scope=\"col\" class=\"cookielawinfo-column-3\">Dur\u00e9e<\/th><th scope=\"col\" class=\"cookielawinfo-column-4\">Description<\/th><\/tr><\/thead><tbody><tr class=\"cookielawinfo-row\"><td class=\"cookielawinfo-column-1\">_ga<\/td><td class=\"cookielawinfo-column-3\">2 anni<\/td><td class=\"cookielawinfo-column-4\">Le cookie _ga, install\u00e9 par Google Analytics, calcule les donn\u00e9es des visiteurs, des sessions et des campagnes et suit \u00e9galement l'utilisation du site pour le rapport analytique du site. Le cookie stocke les informations de mani\u00e8re anonyme et attribue un num\u00e9ro g\u00e9n\u00e9r\u00e9 de mani\u00e8re al\u00e9atoire pour reconna\u00eetre les visiteurs uniques.<\/td><\/tr><tr class=\"cookielawinfo-row\"><td class=\"cookielawinfo-column-1\">_ga_9GP14H8ESP<\/td><td class=\"cookielawinfo-column-3\">2 anni<\/td><td class=\"cookielawinfo-column-4\">Ce cookie est install\u00e9 par Google Analytics.<\/td><\/tr><tr class=\"cookielawinfo-row\"><td class=\"cookielawinfo-column-1\">_gcl_au<\/td><td class=\"cookielawinfo-column-3\">3 mesi<\/td><td class=\"cookielawinfo-column-4\">Fourni par Google Tag Manager pour tester l'efficacit\u00e9 publicitaire des sites Web utilisant leurs services.<\/td><\/tr><\/tbody><\/table>\n<\/p><\/div><\/div><div class=\"cli_cookie_category_single\"><h5 class=\"cli_cookie_category_single_hd\">Commercialisation<\/h5><div class=\"cli_cookie_category_single_description\"><p>Les cookies publicitaires sont utilis\u00e9s pour fournir aux visiteurs des publicit\u00e9s et des campagnes marketing pertinentes. Ces cookies suivent les visiteurs sur les sites Web et collectent des informations pour diffuser des publicit\u00e9s personnalis\u00e9es.\n\n<\/p><\/div><\/div><div class=\"cli_cookie_category_single\"><h5 class=\"cli_cookie_category_single_hd\">Non class\u00e9<\/h5><div class=\"cli_cookie_category_single_description\"><p>Les autres cookies non class\u00e9s sont ceux qui sont analys\u00e9s et qui n'ont pas encore \u00e9t\u00e9 class\u00e9s dans une cat\u00e9gorie.\n\n<\/p><\/div><\/div><\/div><br \/>\nLa liste ci-dessous d\u00e9taille les cookies utilis\u00e9s sur notre site.<br \/>\n<table class=\"wt-cli-element cookielawinfo-classic cookielawinfo-row-cat-table\"><thead><tr><th scope=\"col\" class=\"cookielawinfo-column-1\">Cookie<\/th><th scope=\"col\" class=\"cookielawinfo-column-4\">Description<\/th><\/thead><tbody><tr class=\"cookielawinfo-row-cat-title\"><th colspan=\"2\" class=\"cookielawinfo-row-cat-title-head\">N\u00e9cessaire<\/th><\/tr><tr class=\"cookielawinfo-row\"><td class=\"cookielawinfo-column-1\">_GRECAPTCHA<\/td><td class=\"cookielawinfo-column-4\">Ce cookie est d\u00e9fini par le service recaptcha de Google pour identifier les robots afin de prot\u00e9ger le site Web contre les attaques de spam malveillantes.<\/td><\/tr><tr class=\"cookielawinfo-row\"><td class=\"cookielawinfo-column-1\">cookielawinfo-checkbox-advertisement<\/td><td class=\"cookielawinfo-column-4\">D\u00e9fini par le plugin GDPR Cookie Consent, ce cookie est utilis\u00e9 pour enregistrer le consentement de l'utilisateur pour les cookies de la cat\u00e9gorie \"Marketing\".<\/td><\/tr><tr class=\"cookielawinfo-row\"><td class=\"cookielawinfo-column-1\">cookielawinfo-checkbox-others<\/td><td class=\"cookielawinfo-column-4\">D\u00e9fini par le plug-in GDPR Cookie Consent, ce cookie est utilis\u00e9 pour stocker le consentement de l'utilisateur pour les cookies de la cat\u00e9gorie \"Non class\u00e9\".<\/td><\/tr><tr class=\"cookielawinfo-row\"><td class=\"cookielawinfo-column-1\">cookielawinfo-checkbox-analytics<\/td><td class=\"cookielawinfo-column-4\">D\u00e9fini par le plugin GDPR Cookie Consent, ce cookie est utilis\u00e9 pour enregistrer le consentement de l'utilisateur pour les cookies de la cat\u00e9gorie \"Statistiques\".<\/td><\/tr><tr class=\"cookielawinfo-row\"><td class=\"cookielawinfo-column-1\">cookielawinfo-checkbox-performance<\/td><td class=\"cookielawinfo-column-4\">D\u00e9fini par le plugin GDPR Cookie Consent, ce cookie est utilis\u00e9 pour stocker le consentement de l'utilisateur pour les cookies dans la cat\u00e9gorie \"Performance\".<\/td><\/tr><tr class=\"cookielawinfo-row\"><td class=\"cookielawinfo-column-1\">viewed_cookie_policy<\/td><td class=\"cookielawinfo-column-4\">Le cookie est d\u00e9fini par le plugin GDPR Cookie Consent pour stocker si l'utilisateur a consenti ou non \u00e0 l'utilisation de cookies. Il ne stocke aucune donn\u00e9e personnelle.<\/td><\/tr><tr class=\"cookielawinfo-row\"><td class=\"cookielawinfo-column-1\">cookielawinfo-checkbox-functional<\/td><td class=\"cookielawinfo-column-4\">Le cookie est d\u00e9fini par le plugin GDPR Cookie Consent pour enregistrer le consentement de l'utilisateur pour les cookies dans la cat\u00e9gorie \"Fonctionnel\".<\/td><\/tr><tr class=\"cookielawinfo-row\"><td class=\"cookielawinfo-column-1\">cookielawinfo-checkbox-necessary<\/td><td class=\"cookielawinfo-column-4\">D\u00e9fini par le plug-in GDPR Cookie Consent, ce cookie est utilis\u00e9 pour enregistrer le consentement de l'utilisateur pour les cookies de la cat\u00e9gorie \"Obligatoire\".<\/td><\/tr><tr class=\"cookielawinfo-row-cat-title\"><th colspan=\"2\" class=\"cookielawinfo-row-cat-title-head\">Statistiques<\/th><\/tr><tr class=\"cookielawinfo-row\"><td class=\"cookielawinfo-column-1\">_ga<\/td><td class=\"cookielawinfo-column-4\">Le cookie _ga, install\u00e9 par Google Analytics, calcule les donn\u00e9es des visiteurs, des sessions et des campagnes et suit \u00e9galement l'utilisation du site pour le rapport analytique du site. Le cookie stocke les informations de mani\u00e8re anonyme et attribue un num\u00e9ro g\u00e9n\u00e9r\u00e9 de mani\u00e8re al\u00e9atoire pour reconna\u00eetre les visiteurs uniques.<\/td><\/tr><tr class=\"cookielawinfo-row\"><td class=\"cookielawinfo-column-1\">_ga_9GP14H8ESP<\/td><td class=\"cookielawinfo-column-4\">Ce cookie est install\u00e9 par Google Analytics.<\/td><\/tr><tr class=\"cookielawinfo-row\"><td class=\"cookielawinfo-column-1\">_gcl_au<\/td><td class=\"cookielawinfo-column-4\">Fourni par Google Tag Manager pour tester l'efficacit\u00e9 publicitaire des sites Web utilisant leurs services.<\/td><\/tr><\/tbody><\/table><\/p>\n<p>&nbsp;<\/p>\n<h3>COMMENT PUIS-JE CONTR\u00d4LER LES PR\u00c9F\u00c9RENCES EN MATI\u00c8RE DE COOKIES ?<\/h3>\n<p>Vous pouvez g\u00e9rer vos pr\u00e9f\u00e9rences en mati\u00e8re de cookies en cliquant sur le bouton \u00ab\u00a0Param\u00e8tres\u00a0\u00bb et en activant ou d\u00e9sactivant les cat\u00e9gories de cookies dans la fen\u00eatre contextuelle en fonction de vos pr\u00e9f\u00e9rences.<\/p>\n<p>Si vous d\u00e9cidez de modifier vos pr\u00e9f\u00e9rences ult\u00e9rieurement au cours de votre navigation, vous pouvez cliquer sur l&rsquo;onglet \u00ab\u00a0Politique de confidentialit\u00e9 et de cookies\u00a0\u00bb de votre \u00e9cran. Cela affichera \u00e0 nouveau l&rsquo;avis de consentement vous permettant de modifier vos pr\u00e9f\u00e9rences ou de retirer enti\u00e8rement votre consentement.<\/p>\n<p>En plus de cela, diff\u00e9rents navigateurs proposent diff\u00e9rentes m\u00e9thodes pour bloquer et supprimer les cookies utilis\u00e9s par les sites Web. Vous pouvez modifier les param\u00e8tres de votre navigateur pour bloquer\/supprimer les cookies. Pour en savoir plus sur la gestion et la suppression des cookies, rendez-vous sur le site wikipedia.org, www.allaboutcookies.org.<\/p>\n<p class=\"wt-cli-element\" style=\"color:#333; clear:both; font-style:italic; font-size:12px; margin-top:15px;\">Powered By <a href=\"https:\/\/www.webtoffee.com\/\" style=\"color:#333; font-weight:600; font-size:12px;\">WebToffee<\/a><\/p>\n<\/div>\n","protected":false},"excerpt":{"rendered":"<p>INFORMATIONS SUR LA POLITIQUE EN MATI\u00c8RE DE COOKIES Cette politique relative aux cookies explique ce que sont les cookies et comment nous les utilisons. Vous devez lire cette politique pour comprendre ce que sont les cookies, comment nous les utilisons, les types de cookies que nous utilisons, c&rsquo;est-\u00e0-dire les informations que nous collectons \u00e0 l&rsquo;aide [&hellip;]<\/p>\n","protected":false},"author":3,"featured_media":0,"parent":0,"menu_order":0,"comment_status":"closed","ping_status":"closed","template":"","meta":{"_glsr_average":0,"_glsr_ranking":0,"_glsr_reviews":0,"footnotes":""},"class_list":["post-4320","page","type-page","status-publish","hentry"],"yoast_head":"<!-- This site is optimized with the Yoast SEO plugin v27.0 - https:\/\/yoast.com\/product\/yoast-seo-wordpress\/ -->\n<title>Cookie Policy - Plus EV-Charge<\/title>\n<meta name=\"robots\" content=\"index, follow, max-snippet:-1, max-image-preview:large, max-video-preview:-1\" \/>\n<link rel=\"canonical\" href=\"https:\/\/plusevcharge.it\/fr\/cookie-policy\/\" \/>\n<meta property=\"og:locale\" content=\"fr_FR\" \/>\n<meta property=\"og:type\" content=\"article\" \/>\n<meta property=\"og:title\" content=\"Cookie Policy - Plus EV-Charge\" \/>\n<meta property=\"og:description\" content=\"INFORMATIONS SUR LA POLITIQUE EN MATI\u00c8RE DE COOKIES Cette politique relative aux cookies explique ce que sont les cookies et comment nous les utilisons. Vous devez lire cette politique pour comprendre ce que sont les cookies, comment nous les utilisons, les types de cookies que nous utilisons, c&rsquo;est-\u00e0-dire les informations que nous collectons \u00e0 l&rsquo;aide [&hellip;]\" \/>\n<meta property=\"og:url\" content=\"https:\/\/plusevcharge.it\/fr\/cookie-policy\/\" \/>\n<meta property=\"og:site_name\" content=\"Plus EV-Charge\" \/>\n<meta property=\"article:modified_time\" content=\"2023-03-24T08:55:05+00:00\" \/>\n<meta name=\"twitter:card\" content=\"summary_large_image\" \/>\n<meta name=\"twitter:label1\" content=\"Dur\u00e9e de lecture estim\u00e9e\" \/>\n\t<meta name=\"twitter:data1\" content=\"3 minutes\" \/>\n<script type=\"application\/ld+json\" class=\"yoast-schema-graph\">{\"@context\":\"https:\/\/schema.org\",\"@graph\":[{\"@type\":\"WebPage\",\"@id\":\"https:\/\/plusevcharge.it\/fr\/cookie-policy\/\",\"url\":\"https:\/\/plusevcharge.it\/fr\/cookie-policy\/\",\"name\":\"Cookie Policy - Plus EV-Charge\",\"isPartOf\":{\"@id\":\"https:\/\/plusevcharge.it\/fr\/#website\"},\"datePublished\":\"2022-12-12T14:54:53+00:00\",\"dateModified\":\"2023-03-24T08:55:05+00:00\",\"breadcrumb\":{\"@id\":\"https:\/\/plusevcharge.it\/fr\/cookie-policy\/#breadcrumb\"},\"inLanguage\":\"fr-FR\",\"potentialAction\":[{\"@type\":\"ReadAction\",\"target\":[\"https:\/\/plusevcharge.it\/fr\/cookie-policy\/\"]}]},{\"@type\":\"BreadcrumbList\",\"@id\":\"https:\/\/plusevcharge.it\/fr\/cookie-policy\/#breadcrumb\",\"itemListElement\":[{\"@type\":\"ListItem\",\"position\":1,\"name\":\"Home\",\"item\":\"https:\/\/plusevcharge.it\/fr\/accueil\/\"},{\"@type\":\"ListItem\",\"position\":2,\"name\":\"Cookie Policy\"}]},{\"@type\":\"WebSite\",\"@id\":\"https:\/\/plusevcharge.it\/fr\/#website\",\"url\":\"https:\/\/plusevcharge.it\/fr\/\",\"name\":\"Plus EV-Charge\",\"description\":\"Colonnine Elettriche\",\"publisher\":{\"@id\":\"https:\/\/plusevcharge.it\/fr\/#organization\"},\"potentialAction\":[{\"@type\":\"SearchAction\",\"target\":{\"@type\":\"EntryPoint\",\"urlTemplate\":\"https:\/\/plusevcharge.it\/fr\/?s={search_term_string}\"},\"query-input\":{\"@type\":\"PropertyValueSpecification\",\"valueRequired\":true,\"valueName\":\"search_term_string\"}}],\"inLanguage\":\"fr-FR\"},{\"@type\":\"Organization\",\"@id\":\"https:\/\/plusevcharge.it\/fr\/#organization\",\"name\":\"Plus EV-Charge\",\"url\":\"https:\/\/plusevcharge.it\/fr\/\",\"logo\":{\"@type\":\"ImageObject\",\"inLanguage\":\"fr-FR\",\"@id\":\"https:\/\/plusevcharge.it\/fr\/#\/schema\/logo\/image\/\",\"url\":\"https:\/\/plusevcharge.it\/wp-content\/uploads\/2022\/10\/Logo_PlusEV-Charge.png\",\"contentUrl\":\"https:\/\/plusevcharge.it\/wp-content\/uploads\/2022\/10\/Logo_PlusEV-Charge.png\",\"width\":630,\"height\":171,\"caption\":\"Plus EV-Charge\"},\"image\":{\"@id\":\"https:\/\/plusevcharge.it\/fr\/#\/schema\/logo\/image\/\"}}]}<\/script>\n<!-- \/ Yoast SEO plugin. -->","yoast_head_json":{"title":"Cookie Policy - Plus EV-Charge","robots":{"index":"index","follow":"follow","max-snippet":"max-snippet:-1","max-image-preview":"max-image-preview:large","max-video-preview":"max-video-preview:-1"},"canonical":"https:\/\/plusevcharge.it\/fr\/cookie-policy\/","og_locale":"fr_FR","og_type":"article","og_title":"Cookie Policy - Plus EV-Charge","og_description":"INFORMATIONS SUR LA POLITIQUE EN MATI\u00c8RE DE COOKIES Cette politique relative aux cookies explique ce que sont les cookies et comment nous les utilisons. Vous devez lire cette politique pour comprendre ce que sont les cookies, comment nous les utilisons, les types de cookies que nous utilisons, c&rsquo;est-\u00e0-dire les informations que nous collectons \u00e0 l&rsquo;aide [&hellip;]","og_url":"https:\/\/plusevcharge.it\/fr\/cookie-policy\/","og_site_name":"Plus EV-Charge","article_modified_time":"2023-03-24T08:55:05+00:00","twitter_card":"summary_large_image","twitter_misc":{"Dur\u00e9e de lecture estim\u00e9e":"3 minutes"},"schema":{"@context":"https:\/\/schema.org","@graph":[{"@type":"WebPage","@id":"https:\/\/plusevcharge.it\/fr\/cookie-policy\/","url":"https:\/\/plusevcharge.it\/fr\/cookie-policy\/","name":"Cookie Policy - Plus EV-Charge","isPartOf":{"@id":"https:\/\/plusevcharge.it\/fr\/#website"},"datePublished":"2022-12-12T14:54:53+00:00","dateModified":"2023-03-24T08:55:05+00:00","breadcrumb":{"@id":"https:\/\/plusevcharge.it\/fr\/cookie-policy\/#breadcrumb"},"inLanguage":"fr-FR","potentialAction":[{"@type":"ReadAction","target":["https:\/\/plusevcharge.it\/fr\/cookie-policy\/"]}]},{"@type":"BreadcrumbList","@id":"https:\/\/plusevcharge.it\/fr\/cookie-policy\/#breadcrumb","itemListElement":[{"@type":"ListItem","position":1,"name":"Home","item":"https:\/\/plusevcharge.it\/fr\/accueil\/"},{"@type":"ListItem","position":2,"name":"Cookie Policy"}]},{"@type":"WebSite","@id":"https:\/\/plusevcharge.it\/fr\/#website","url":"https:\/\/plusevcharge.it\/fr\/","name":"Plus EV-Charge","description":"Colonnine Elettriche","publisher":{"@id":"https:\/\/plusevcharge.it\/fr\/#organization"},"potentialAction":[{"@type":"SearchAction","target":{"@type":"EntryPoint","urlTemplate":"https:\/\/plusevcharge.it\/fr\/?s={search_term_string}"},"query-input":{"@type":"PropertyValueSpecification","valueRequired":true,"valueName":"search_term_string"}}],"inLanguage":"fr-FR"},{"@type":"Organization","@id":"https:\/\/plusevcharge.it\/fr\/#organization","name":"Plus EV-Charge","url":"https:\/\/plusevcharge.it\/fr\/","logo":{"@type":"ImageObject","inLanguage":"fr-FR","@id":"https:\/\/plusevcharge.it\/fr\/#\/schema\/logo\/image\/","url":"https:\/\/plusevcharge.it\/wp-content\/uploads\/2022\/10\/Logo_PlusEV-Charge.png","contentUrl":"https:\/\/plusevcharge.it\/wp-content\/uploads\/2022\/10\/Logo_PlusEV-Charge.png","width":630,"height":171,"caption":"Plus EV-Charge"},"image":{"@id":"https:\/\/plusevcharge.it\/fr\/#\/schema\/logo\/image\/"}}]}},"_links":{"self":[{"href":"https:\/\/plusevcharge.it\/fr\/wp-json\/wp\/v2\/pages\/4320","targetHints":{"allow":["GET"]}}],"collection":[{"href":"https:\/\/plusevcharge.it\/fr\/wp-json\/wp\/v2\/pages"}],"about":[{"href":"https:\/\/plusevcharge.it\/fr\/wp-json\/wp\/v2\/types\/page"}],"author":[{"embeddable":true,"href":"https:\/\/plusevcharge.it\/fr\/wp-json\/wp\/v2\/users\/3"}],"replies":[{"embeddable":true,"href":"https:\/\/plusevcharge.it\/fr\/wp-json\/wp\/v2\/comments?post=4320"}],"version-history":[{"count":3,"href":"https:\/\/plusevcharge.it\/fr\/wp-json\/wp\/v2\/pages\/4320\/revisions"}],"predecessor-version":[{"id":4324,"href":"https:\/\/plusevcharge.it\/fr\/wp-json\/wp\/v2\/pages\/4320\/revisions\/4324"}],"wp:attachment":[{"href":"https:\/\/plusevcharge.it\/fr\/wp-json\/wp\/v2\/media?parent=4320"}],"curies":[{"name":"wp","href":"https:\/\/api.w.org\/{rel}","templated":true}]}}